{"id":6229,"date":"2022-09-29T19:37:06","date_gmt":"2022-09-29T19:37:06","guid":{"rendered":"https:\/\/mehriran.tv\/nevestarha\/"},"modified":"2024-05-13T09:47:03","modified_gmt":"2024-05-13T09:47:03","slug":"articles","status":"publish","type":"page","link":"https:\/\/mehriran.tv\/ei\/articles\/","title":{"rendered":"Nevestarha"},"content":{"rendered":"\n\n<div class=\"kk-star-ratings kksr-auto kksr-align-left kksr-valign-top\"\n    data-payload='{&quot;align&quot;:&quot;left&quot;,&quot;id&quot;:&quot;7816&quot;,&quot;slug&quot;:&quot;default&quot;,&quot;valign&quot;:&quot;top&quot;,&quot;ignore&quot;:&quot;&quot;,&quot;reference&quot;:&quot;auto&quot;,&quot;class&quot;:&quot;&quot;,&quot;count&quot;:&quot;0&quot;,&quot;legendonly&quot;:&quot;&quot;,&quot;readonly&quot;:&quot;&quot;,&quot;score&quot;:&quot;0&quot;,&quot;starsonly&quot;:&quot;&quot;,&quot;best&quot;:&quot;5&quot;,&quot;gap&quot;:&quot;5&quot;,&quot;greet&quot;:&quot;&quot;,&quot;legend&quot;:&quot;0\\\/5 - (0 votes)&quot;,&quot;size&quot;:&quot;24&quot;,&quot;title&quot;:&quot;Hoviy\\u00e2te cajede xake \\u00c1\\u00e2raq, hoviy\\u00e2te Si\\u00e1i, n\\u00e2 Eirani-n\\u00e2 \\u00c1\\u00e2r\\u00e2bi&quot;,&quot;width&quot;:&quot;0&quot;,&quot;_legend&quot;:&quot;{score}\\\/{best} - ({count} {votes})&quot;,&quot;font_factor&quot;:&quot;1.25&quot;}'>\n            \n<div class=\"kksr-stars\">\n    \n<div class=\"kksr-stars-inactive\">\n            <div class=\"kksr-star\" data-star=\"1\" style=\"padding-right: 5px\">\n            \n\n<div class=\"kksr-icon\" style=\"width: 24px; height: 24px;\"><\/div>\n        <\/div>\n            <div class=\"kksr-star\" data-star=\"2\" style=\"padding-right: 5px\">\n            \n\n<div class=\"kksr-icon\" style=\"width: 24px; height: 24px;\"><\/div>\n        <\/div>\n            <div class=\"kksr-star\" data-star=\"3\" style=\"padding-right: 5px\">\n            \n\n<div class=\"kksr-icon\" style=\"width: 24px; height: 24px;\"><\/div>\n        <\/div>\n            <div class=\"kksr-star\" data-star=\"4\" style=\"padding-right: 5px\">\n            \n\n<div class=\"kksr-icon\" style=\"width: 24px; height: 24px;\"><\/div>\n        <\/div>\n            <div class=\"kksr-star\" data-star=\"5\" style=\"padding-right: 5px\">\n            \n\n<div class=\"kksr-icon\" style=\"width: 24px; height: 24px;\"><\/div>\n        <\/div>\n    <\/div>\n    \n<div class=\"kksr-stars-active\" style=\"width: 0px;\">\n            <div class=\"kksr-star\" style=\"padding-right: 5px\">\n            \n\n<div class=\"kksr-icon\" style=\"width: 24px; height: 24px;\"><\/div>\n        <\/div>\n            <div class=\"kksr-star\" style=\"padding-right: 5px\">\n            \n\n<div class=\"kksr-icon\" style=\"width: 24px; height: 24px;\"><\/div>\n        <\/div>\n            <div class=\"kksr-star\" style=\"padding-right: 5px\">\n            \n\n<div class=\"kksr-icon\" style=\"width: 24px; height: 24px;\"><\/div>\n        <\/div>\n            <div class=\"kksr-star\" style=\"padding-right: 5px\">\n            \n\n<div class=\"kksr-icon\" style=\"width: 24px; height: 24px;\"><\/div>\n        <\/div>\n            <div class=\"kksr-star\" style=\"padding-right: 5px\">\n            \n\n<div class=\"kksr-icon\" style=\"width: 24px; height: 24px;\"><\/div>\n        <\/div>\n    <\/div>\n<\/div>\n                \n\n<div class=\"kksr-legend\" style=\"font-size: 19.2px;\">\n            <span class=\"kksr-muted\"><\/span>\n    <\/div>\n    <\/div>\n\t\t<div data-elementor-type=\"wp-page\" data-elementor-id=\"6229\" class=\"elementor elementor-6229 elementor-409\" data-elementor-post-type=\"page\">\n\t\t\t\t\t\t<section data-particle_enable=\"false\" data-particle-mobile-disabled=\"false\" class=\"elementor-section elementor-top-section elementor-element elementor-element-fd6514c elementor-section-boxed elementor-section-height-default elementor-section-height-default\" data-id=\"fd6514c\" data-element_type=\"section\">\n\t\t\t\t\t\t<div class=\"elementor-container elementor-column-gap-default\">\n\t\t\t\t\t<div class=\"elementor-column elementor-col-100 elementor-top-column elementor-element elementor-element-2061eb1\" data-id=\"2061eb1\" data-element_type=\"column\">\n\t\t\t<div class=\"elementor-widget-wrap elementor-element-populated\">\n\t\t\t\t\t\t<div class=\"elementor-element elementor-element-7a252a1 elementor-widget elementor-widget-heading\" data-id=\"7a252a1\" data-element_type=\"widget\" data-widget_type=\"heading.default\">\n\t\t\t\t<div class=\"elementor-widget-container\">\n\t\t\t<style>\/*! elementor - v3.20.0 - 26-03-2024 *\/\n.elementor-heading-title{padding:0;margin:0;line-height:1}.elementor-widget-heading .elementor-heading-title[class*=elementor-size-]>a{color:inherit;font-size:inherit;line-height:inherit}.elementor-widget-heading .elementor-heading-title.elementor-size-small{font-size:15px}.elementor-widget-heading .elementor-heading-title.elementor-size-medium{font-size:19px}.elementor-widget-heading .elementor-heading-title.elementor-size-large{font-size:29px}.elementor-widget-heading .elementor-heading-title.elementor-size-xl{font-size:39px}.elementor-widget-heading .elementor-heading-title.elementor-size-xxl{font-size:59px}<\/style><h1 class=\"elementor-heading-title elementor-size-default\">Nevestarha<\/h1>\t\t<\/div>\n\t\t\t\t<\/div>\n\t\t\t\t<div class=\"elementor-element elementor-element-68c33da post-p-text-30 cpt-tv custom-pagination custom-read-more-btn elementor-grid-3 elementor-grid-tablet-2 elementor-grid-mobile-1 elementor-posts--thumbnail-top elementor-widget elementor-widget-posts\" data-id=\"68c33da\" data-element_type=\"widget\" data-settings=\"{&quot;classic_columns&quot;:&quot;3&quot;,&quot;classic_columns_tablet&quot;:&quot;2&quot;,&quot;classic_columns_mobile&quot;:&quot;1&quot;,&quot;classic_row_gap&quot;:{&quot;unit&quot;:&quot;px&quot;,&quot;size&quot;:35,&quot;sizes&quot;:[]},&quot;classic_row_gap_tablet&quot;:{&quot;unit&quot;:&quot;px&quot;,&quot;size&quot;:&quot;&quot;,&quot;sizes&quot;:[]},&quot;classic_row_gap_mobile&quot;:{&quot;unit&quot;:&quot;px&quot;,&quot;size&quot;:&quot;&quot;,&quot;sizes&quot;:[]}}\" data-widget_type=\"posts.classic\">\n\t\t\t\t<div class=\"elementor-widget-container\">\n\t\t\t<link rel=\"stylesheet\" href=\"https:\/\/mehriran.tv\/wp-content\/plugins\/elementor-pro\/assets\/css\/widget-posts-rtl.min.css\">\t\t<div class=\"elementor-posts-container elementor-posts elementor-posts--skin-classic elementor-grid\">\n\t\t\t\t<article class=\"elementor-post elementor-grid-item post-7936 article type-article status-publish has-post-thumbnail hentry article_category-our-articles-ei\">\n\t\t\t\t<a class=\"elementor-post__thumbnail__link\" href=\"https:\/\/mehriran.tv\/ei\/article\/ecteqlale-eqlime-kordectane-aaraq-eanalize-jamea-eaz-didgahhaye-tarixi-tamaddoni-ciyaci-ectrateaik-hoquqe-beynolmelali-va-hoquqe-basari\/\" tabindex=\"-1\" >\n\t\t\t<div class=\"elementor-post__thumbnail\"><img fetchpriority=\"high\" decoding=\"async\" width=\"300\" height=\"209\" src=\"https:\/\/mehriran.tv\/wp-content\/uploads\/2024\/05\/images-3-1-300x209.jpg\" class=\"attachment-medium size-medium wp-image-7937\" alt=\"\" srcset=\"https:\/\/mehriran.tv\/wp-content\/uploads\/2024\/05\/images-3-1-300x209.jpg 300w, https:\/\/mehriran.tv\/wp-content\/uploads\/2024\/05\/images-3-1-768x535.jpg 768w, https:\/\/mehriran.tv\/wp-content\/uploads\/2024\/05\/images-3-1-600x418.jpg 600w, https:\/\/mehriran.tv\/wp-content\/uploads\/2024\/05\/images-3-1.jpg 800w\" sizes=\"(max-width: 300px) 100vw, 300px\" \/><\/div>\n\t\t<\/a>\n\t\t\t\t<div class=\"elementor-post__text\">\n\t\t\t\t<h3 class=\"elementor-post__title\">\n\t\t\t<a href=\"https:\/\/mehriran.tv\/ei\/article\/ecteqlale-eqlime-kordectane-aaraq-eanalize-jamea-eaz-didgahhaye-tarixi-tamaddoni-ciyaci-ectrateaik-hoquqe-beynolmelali-va-hoquqe-basari\/\" >\n\t\t\t\tEcteqlale eqlime Kordectane \u00c1\u00e2raq &#8211; Eanalize jame\u00e1 e\u00e2z didgahhaye tarixi, t\u00e2m\u00e2ddoni, ciyaci, ectrate\u00e3ik, hoquqe beynolmel\u00e2li v\u00e2 hoquqe b\u00e2s\u00e2ri\t\t\t<\/a>\n\t\t<\/h3>\n\t\t\t\t<div class=\"elementor-post__meta-data\">\n\t\t\t\t\t<span class=\"elementor-post-date\">\n\t\t\tMay 24, 2024\t\t<\/span>\n\t\t\t\t<span class=\"elementor-post-avatar\">\n\t\t\tNo Comments\t\t<\/span>\n\t\t\t\t<\/div>\n\t\t\t\t<div class=\"elementor-post__excerpt\">\n\t\t\t\t\t<\/div>\n\t\t\n\t\t<a class=\"elementor-post__read-more\" href=\"https:\/\/mehriran.tv\/ei\/article\/ecteqlale-eqlime-kordectane-aaraq-eanalize-jamea-eaz-didgahhaye-tarixi-tamaddoni-ciyaci-ectrateaik-hoquqe-beynolmelali-va-hoquqe-basari\/\" aria-label=\"Read more about Ecteqlale eqlime Kordectane \u00c1\u00e2raq &#8211; Eanalize jame\u00e1 e\u00e2z didgahhaye tarixi, t\u00e2m\u00e2ddoni, ciyaci, ectrate\u00e3ik, hoquqe beynolmel\u00e2li v\u00e2 hoquqe b\u00e2s\u00e2ri\" tabindex=\"-1\" >\n\t\t\tRead More \u00bb\t\t<\/a>\n\n\t\t\t\t<\/div>\n\t\t\t\t<\/article>\n\t\t\t\t<article class=\"elementor-post elementor-grid-item post-7931 article type-article status-publish has-post-thumbnail hentry article_category-our-articles-ei\">\n\t\t\t\t<a class=\"elementor-post__thumbnail__link\" href=\"https:\/\/mehriran.tv\/ei\/article\/neaadparactiye-ebrahimi-ceyyedkraci-va-eanucikraci-va-peymane-novine-ebrahimi\/\" tabindex=\"-1\" >\n\t\t\t<div class=\"elementor-post__thumbnail\"><img decoding=\"async\" width=\"300\" height=\"202\" src=\"https:\/\/mehriran.tv\/wp-content\/uploads\/2024\/05\/abraham-1-300x202.jpg\" class=\"attachment-medium size-medium wp-image-7932\" alt=\"\" srcset=\"https:\/\/mehriran.tv\/wp-content\/uploads\/2024\/05\/abraham-1-300x202.jpg 300w, https:\/\/mehriran.tv\/wp-content\/uploads\/2024\/05\/abraham-1.jpg 409w\" sizes=\"(max-width: 300px) 100vw, 300px\" \/><\/div>\n\t\t<\/a>\n\t\t\t\t<div class=\"elementor-post__text\">\n\t\t\t\t<h3 class=\"elementor-post__title\">\n\t\t\t<a href=\"https:\/\/mehriran.tv\/ei\/article\/neaadparactiye-ebrahimi-ceyyedkraci-va-eanucikraci-va-peymane-novine-ebrahimi\/\" >\n\t\t\t\tNe\u00e3adp\u00e2r\u00e2ctiye ebrahimi (ceyyedkraci v\u00e2 eanucikraci) v\u00e2 peymane novine ebrahimi\t\t\t<\/a>\n\t\t<\/h3>\n\t\t\t\t<div class=\"elementor-post__meta-data\">\n\t\t\t\t\t<span class=\"elementor-post-date\">\n\t\t\tMay 24, 2024\t\t<\/span>\n\t\t\t\t<span class=\"elementor-post-avatar\">\n\t\t\tNo Comments\t\t<\/span>\n\t\t\t\t<\/div>\n\t\t\t\t<div class=\"elementor-post__excerpt\">\n\t\t\t\t\t<\/div>\n\t\t\n\t\t<a class=\"elementor-post__read-more\" href=\"https:\/\/mehriran.tv\/ei\/article\/neaadparactiye-ebrahimi-ceyyedkraci-va-eanucikraci-va-peymane-novine-ebrahimi\/\" aria-label=\"Read more about Ne\u00e3adp\u00e2r\u00e2ctiye ebrahimi (ceyyedkraci v\u00e2 eanucikraci) v\u00e2 peymane novine ebrahimi\" tabindex=\"-1\" >\n\t\t\tRead More \u00bb\t\t<\/a>\n\n\t\t\t\t<\/div>\n\t\t\t\t<\/article>\n\t\t\t\t<article class=\"elementor-post elementor-grid-item post-7824 article type-article status-publish has-post-thumbnail hentry article_category-our-articles-ei\">\n\t\t\t\t<a class=\"elementor-post__thumbnail__link\" href=\"https:\/\/mehriran.tv\/ei\/article\/7824\/\" tabindex=\"-1\" >\n\t\t\t<div class=\"elementor-post__thumbnail\"><img decoding=\"async\" width=\"194\" height=\"250\" src=\"https:\/\/mehriran.tv\/wp-content\/uploads\/2024\/04\/image2.jpg\" class=\"attachment-medium size-medium wp-image-7155\" alt=\"\" \/><\/div>\n\t\t<\/a>\n\t\t\t\t<div class=\"elementor-post__text\">\n\t\t\t\t<h3 class=\"elementor-post__title\">\n\t\t\t<a href=\"https:\/\/mehriran.tv\/ei\/article\/7824\/\" >\n\t\t\t\tYek ruydad v\u00e2 do peyam\u00e2d\t\t\t<\/a>\n\t\t<\/h3>\n\t\t\t\t<div class=\"elementor-post__meta-data\">\n\t\t\t\t\t<span class=\"elementor-post-date\">\n\t\t\tMay 10, 2024\t\t<\/span>\n\t\t\t\t<span class=\"elementor-post-avatar\">\n\t\t\tNo Comments\t\t<\/span>\n\t\t\t\t<\/div>\n\t\t\t\t<div class=\"elementor-post__excerpt\">\n\t\t\t\t\t<\/div>\n\t\t\n\t\t<a class=\"elementor-post__read-more\" href=\"https:\/\/mehriran.tv\/ei\/article\/7824\/\" aria-label=\"Read more about Yek ruydad v\u00e2 do peyam\u00e2d\" tabindex=\"-1\" >\n\t\t\tRead More \u00bb\t\t<\/a>\n\n\t\t\t\t<\/div>\n\t\t\t\t<\/article>\n\t\t\t\t<article class=\"elementor-post elementor-grid-item post-7816 article type-article status-publish has-post-thumbnail hentry article_category-our-articles-ei\">\n\t\t\t\t<a class=\"elementor-post__thumbnail__link\" href=\"https:\/\/mehriran.tv\/ei\/article\/hoviyate-cajede-xake-aaraq-hoviyate-siai-na-eirani-na-aarabi\/\" tabindex=\"-1\" >\n\t\t\t<div class=\"elementor-post__thumbnail\"><img loading=\"lazy\" decoding=\"async\" width=\"267\" height=\"250\" src=\"https:\/\/mehriran.tv\/wp-content\/uploads\/2024\/05\/images.jpg\" class=\"attachment-medium size-medium wp-image-7817\" alt=\"\" \/><\/div>\n\t\t<\/a>\n\t\t\t\t<div class=\"elementor-post__text\">\n\t\t\t\t<h3 class=\"elementor-post__title\">\n\t\t\t<a href=\"https:\/\/mehriran.tv\/ei\/article\/hoviyate-cajede-xake-aaraq-hoviyate-siai-na-eirani-na-aarabi\/\" >\n\t\t\t\tHoviy\u00e2te cajede xake \u00c1\u00e2raq, hoviy\u00e2te Si\u00e1i, n\u00e2 Eirani-n\u00e2 \u00c1\u00e2r\u00e2bi\t\t\t<\/a>\n\t\t<\/h3>\n\t\t\t\t<div class=\"elementor-post__meta-data\">\n\t\t\t\t\t<span class=\"elementor-post-date\">\n\t\t\tMay 10, 2024\t\t<\/span>\n\t\t\t\t<span class=\"elementor-post-avatar\">\n\t\t\tNo Comments\t\t<\/span>\n\t\t\t\t<\/div>\n\t\t\t\t<div class=\"elementor-post__excerpt\">\n\t\t\t\t\t<\/div>\n\t\t\n\t\t<a class=\"elementor-post__read-more\" href=\"https:\/\/mehriran.tv\/ei\/article\/hoviyate-cajede-xake-aaraq-hoviyate-siai-na-eirani-na-aarabi\/\" aria-label=\"Read more about Hoviy\u00e2te cajede xake \u00c1\u00e2raq, hoviy\u00e2te Si\u00e1i, n\u00e2 Eirani-n\u00e2 \u00c1\u00e2r\u00e2bi\" tabindex=\"-1\" >\n\t\t\tRead More \u00bb\t\t<\/a>\n\n\t\t\t\t<\/div>\n\t\t\t\t<\/article>\n\t\t\t\t<\/div>\n\t\t\n\t\t\t\t<\/div>\n\t\t\t\t<\/div>\n\t\t\t\t\t<\/div>\n\t\t<\/div>\n\t\t\t\t\t<\/div>\n\t\t<\/section>\n\t\t\t\t<section data-particle_enable=\"false\" data-particle-mobile-disabled=\"false\" class=\"elementor-section elementor-top-section elementor-element elementor-element-a6954dd elementor-section-boxed elementor-section-height-default elementor-section-height-default\" data-id=\"a6954dd\" data-element_type=\"section\">\n\t\t\t\t\t\t<div class=\"elementor-container elementor-column-gap-default\">\n\t\t\t\t\t<div class=\"elementor-column elementor-col-100 elementor-top-column elementor-element elementor-element-1eaf926\" data-id=\"1eaf926\" data-element_type=\"column\">\n\t\t\t<div class=\"elementor-widget-wrap elementor-element-populated\">\n\t\t\t\t\t\t<div class=\"elementor-element elementor-element-e3b1035 elementor-widget elementor-widget-heading\" data-id=\"e3b1035\" data-element_type=\"widget\" data-widget_type=\"heading.default\">\n\t\t\t\t<div class=\"elementor-widget-container\">\n\t\t\t<h1 class=\"elementor-heading-title elementor-size-default\">Nevestarhaye Mehmanha<\/h1>\t\t<\/div>\n\t\t\t\t<\/div>\n\t\t\t\t\t<\/div>\n\t\t<\/div>\n\t\t\t\t\t<\/div>\n\t\t<\/section>\n\t\t\t\t<\/div>\n\t\t","protected":false},"excerpt":{"rendered":"<p>Nevestarha Nevestarhaye Mehmanha<\/p>\n","protected":false},"author":393,"featured_media":0,"parent":0,"menu_order":0,"comment_status":"closed","ping_status":"closed","template":"","meta":{"_acf_changed":false,"_kad_post_transparent":"","_kad_post_title":"","_kad_post_layout":"","_kad_post_sidebar_id":"","_kad_post_content_style":"","_kad_post_vertical_padding":"","_kad_post_feature":"","_kad_post_feature_position":"","_kad_post_header":false,"_kad_post_footer":false,"footnotes":""},"class_list":["post-6229","page","type-page","status-publish","hentry"],"acf":[],"_links":{"self":[{"href":"https:\/\/mehriran.tv\/ei\/wp-json\/wp\/v2\/pages\/6229","targetHints":{"allow":["GET"]}}],"collection":[{"href":"https:\/\/mehriran.tv\/ei\/wp-json\/wp\/v2\/pages"}],"about":[{"href":"https:\/\/mehriran.tv\/ei\/wp-json\/wp\/v2\/types\/page"}],"author":[{"embeddable":true,"href":"https:\/\/mehriran.tv\/ei\/wp-json\/wp\/v2\/users\/393"}],"replies":[{"embeddable":true,"href":"https:\/\/mehriran.tv\/ei\/wp-json\/wp\/v2\/comments?post=6229"}],"version-history":[{"count":0,"href":"https:\/\/mehriran.tv\/ei\/wp-json\/wp\/v2\/pages\/6229\/revisions"}],"wp:attachment":[{"href":"https:\/\/mehriran.tv\/ei\/wp-json\/wp\/v2\/media?parent=6229"}],"curies":[{"name":"wp","href":"https:\/\/api.w.org\/{rel}","templated":true}]}}